{"id":280,"date":"2019-02-03T23:54:51","date_gmt":"2019-02-03T22:54:51","guid":{"rendered":"http:\/\/www.qualityjournalismchair.info\/equipo\/"},"modified":"2023-02-07T10:06:05","modified_gmt":"2023-02-07T09:06:05","slug":"equipo","status":"publish","type":"page","link":"https:\/\/www.qualityjournalismchair.info\/es\/equipo\/","title":{"rendered":"Equipo"},"content":{"rendered":"\n<div style=\"height:0px\" aria-hidden=\"true\" class=\"wp-block-spacer\"><\/div>\n\n\n\n<figure class=\"wp-block-image size-full\"><img loading=\"lazy\" decoding=\"async\" width=\"225\" height=\"225\" src=\"https:\/\/www.qualityjournalismchair.info\/wp-content\/uploads\/2023\/02\/image-1.png\" alt=\"\" class=\"wp-image-3416\" srcset=\"https:\/\/www.qualityjournalismchair.info\/wp-content\/uploads\/2023\/02\/image-1.png 225w, https:\/\/www.qualityjournalismchair.info\/wp-content\/uploads\/2023\/02\/image-1-150x150.png 150w\" sizes=\"auto, (max-width: 225px) 100vw, 225px\" \/><\/figure>\n\n\n\n<h2 class=\"wp-block-heading\">Jos\u00e9 Manuel P\u00e9rez Tornero<\/h2>\n\n\n\n<p>Periodista y Catedr\u00e1tico de la Universidad Aut\u00f3noma de Barcelona. Codirector de la C\u00e1tedra UNESCO Media and Information Literacy and Quality Journalism. Doctor Honoris Causa por la Universidad Aix-Marseille. Doctor en Comunicaci\u00f3n por la UAB. Licenciado en Ciencias de la informaci\u00f3n (Premio Extraordinario de Periodismo). Licenciado en filolog\u00eda hisp\u00e1nica.<\/p>\n\n\n\n<p>Presidente de Radio Televisi\u00f3n Espa\u00f1ola (2021-2022). Miembro de la ejecutiva de la EBU (Uni\u00f3n Europea de Radiodifusi\u00f3n). Presidente de la COPEAM (Conferencia permanente del audiovisual mediterr\u00e1neo). Director programas culturales y educativos de Televisi\u00f3n. Consultor de la UNESCO, y la Uni\u00f3n Europea en servicios p\u00fablicos audiovisuales y alfabetizaci\u00f3n medi\u00e1tica y digital.<\/p>\n\n\n\n<figure class=\"wp-block-image\"><img loading=\"lazy\" decoding=\"async\" width=\"200\" height=\"200\" src=\"https:\/\/www.qualityjournalismchair.info\/wp-content\/uploads\/2019\/02\/picture-santiago-tejedor.png\" alt=\"Santiago Tejedor\" class=\"wp-image-50\" srcset=\"https:\/\/www.qualityjournalismchair.info\/wp-content\/uploads\/2019\/02\/picture-santiago-tejedor.png 200w, https:\/\/www.qualityjournalismchair.info\/wp-content\/uploads\/2019\/02\/picture-santiago-tejedor-150x150.png 150w\" sizes=\"auto, (max-width: 200px) 100vw, 200px\" \/><\/figure>\n\n\n\n<h2 class=\"wp-block-heading\">Santiago Tejedor<\/h2>\n\n\n\n<p><strong>Universitat Aut\u00f2noma de Barcelona (Espa\u00f1a) <\/strong><\/p>\n\n\n\n<p>Director del Departamento de Periodismo y Ciencias de la Comunicaci\u00f3n de la UAB. La trayectoria cient\u00edfica de Santiago Tejedor incluye la publicaci\u00f3n de libros y cap\u00edtulos de libros en prestigiosas editoriales nacionales e internacionales, y art\u00edculos en revistas nacionales e internacionales indexadas de alto impacto. Adem\u00e1s, ha participado de forma continuada durante 20 a\u00f1os en 80 proyectos y contratos de investigaci\u00f3n, correspondientes a convocatorias y concursos competitivos (I+D+i; convocatoria Profit del Ministerio de Industria; Comisi\u00f3n Europea, Programa de las Naciones Unidas para el Desarrollo -PNUD-, UNESCO, Santander Universidades, entre otros) y contratos privados; con un total de 13 contratos de investigaci\u00f3n y transferencia. En el marco de estos contratos, ha tenido la oportunidad de trabajar y formar a j\u00f3venes investigadores, principalmente en las \u00e1reas de periodismo, alfabetizaci\u00f3n medi\u00e1tica y tecnolog\u00edas de la comunicaci\u00f3n.<\/p>\n\n\n\n<p>Su labor investigadora se ha materializado en 82 art\u00edculos en revistas indexadas de impacto, 143 libros y\/o cap\u00edtulos de libros y un total de 75 publicaciones adicionales de otra naturaleza; junto con su labor como editor invitado en 8 monograf\u00edas de revistas nacionales e internacionales sobre temas de comunicaci\u00f3n, tecnolog\u00eda, periodismo y educaci\u00f3n, y su labor como evaluador de 22 revistas cient\u00edficas nacionales e internacionales.<\/p>\n\n\n\n<div style=\"height:0px\" aria-hidden=\"true\" class=\"wp-block-spacer\"><\/div>\n\n\n\n<figure class=\"wp-block-image\"><img loading=\"lazy\" decoding=\"async\" width=\"200\" height=\"200\" src=\"https:\/\/www.qualityjournalismchair.info\/wp-content\/uploads\/2019\/05\/picture-16352-1558440391-2.jpg\" alt=\"\" class=\"wp-image-355\" srcset=\"https:\/\/www.qualityjournalismchair.info\/wp-content\/uploads\/2019\/05\/picture-16352-1558440391-2.jpg 200w, https:\/\/www.qualityjournalismchair.info\/wp-content\/uploads\/2019\/05\/picture-16352-1558440391-2-150x150.jpg 150w\" sizes=\"auto, (max-width: 200px) 100vw, 200px\" \/><\/figure>\n\n\n\n<h2 class=\"wp-block-heading\">Cristina Pulido<\/h2>\n\n\n\n<p><strong>Universitat Aut\u00f2noma de Barcelona (Espa\u00f1a) <\/strong><\/p>\n\n\n\n<p>Profesora Serra Hunter del Departamento de Periodismo y Ciencias de la Comunicaci\u00f3n de la UAB. Su l\u00ednea de investigaci\u00f3n est\u00e1 vinculada a la alfabetizaci\u00f3n medi\u00e1tica y periodismo de calidad, prevenci\u00f3n del acoso online, social media e impacto social.<\/p>\n\n\n\n<p>Es miembro del equipo de investigaci\u00f3n del Gabinete y actualmente coordinadora acad\u00e9mica del M\u00e1ster Internacional de Comunicaci\u00f3n y Educaci\u00f3n.<\/p>\n\n\n\n<div style=\"height:0px\" aria-hidden=\"true\" class=\"wp-block-spacer\"><\/div>\n\n\n\n<figure class=\"wp-block-image size-full is-resized\"><img loading=\"lazy\" decoding=\"async\" src=\"https:\/\/www.qualityjournalismchair.info\/wp-content\/uploads\/2022\/09\/CV-edited-1.png\" alt=\"\" class=\"wp-image-2226\" width=\"267\" height=\"195\" srcset=\"https:\/\/www.qualityjournalismchair.info\/wp-content\/uploads\/2022\/09\/CV-edited-1.png 576w, https:\/\/www.qualityjournalismchair.info\/wp-content\/uploads\/2022\/09\/CV-edited-1-300x219.png 300w\" sizes=\"auto, (max-width: 267px) 100vw, 267px\" \/><\/figure>\n\n\n\n<h2 class=\"wp-block-heading\">Bel\u00e9n Sancho <\/h2>\n\n\n\n<p><strong>Universitat Aut\u00f2noma de Barcelona (Spain)<\/strong><\/p>\n\n\n\n<p>Periodista y estudiante de doctorado en Comunicaci\u00f3n y Periodismo (UAB). Su experiencia profesional est\u00e1 relacionada con la investigaci\u00f3n acad\u00e9mica en las \u00e1reas de periodismo digital, alfabetizaci\u00f3n medi\u00e1tica, desinformaci\u00f3n, redes sociales y discurso de odio.<\/p>\n\n\n\n<p>Coordinadora acad\u00e9mica del M\u00e1ster en Comunicaci\u00f3n Ambiental y del M\u00e1ster en Gesti\u00f3n de la Comunicaci\u00f3n Pol\u00edtica y Electoral (UAB). Es t\u00e9cnica de apoyo a la investigaci\u00f3n en proyectos de I+D sobre alfabetizaci\u00f3n medi\u00e1tica y fact-checking.<\/p>\n\n\n\n<div style=\"height:0px\" aria-hidden=\"true\" class=\"wp-block-spacer\"><\/div>\n\n\n\n<h2 class=\"wp-block-heading\">Kelly Robledo <\/h2>\n\n\n\n<p><strong>Universitat Aut\u00f2noma de Barcelona (Spain)<\/strong><\/p>\n\n\n\n<figure class=\"wp-block-image size-full\"><img loading=\"lazy\" decoding=\"async\" width=\"200\" height=\"200\" src=\"https:\/\/www.qualityjournalismchair.info\/wp-content\/uploads\/2022\/09\/kelly.png\" alt=\"\" class=\"wp-image-2228\" srcset=\"https:\/\/www.qualityjournalismchair.info\/wp-content\/uploads\/2022\/09\/kelly.png 200w, https:\/\/www.qualityjournalismchair.info\/wp-content\/uploads\/2022\/09\/kelly-150x150.png 150w\" sizes=\"auto, (max-width: 200px) 100vw, 200px\" \/><\/figure>\n\n\n\n<p>Periodista y estudiante de doctorado en Comunicaci\u00f3n y Periodismo (UAB). Su experiencia profesional est\u00e1 relacionada con la investigaci\u00f3n acad\u00e9mica, la docencia y gesti\u00f3n universitaria y el periodismo. Investiga en las \u00e1reas de periodismo digital, alfabetizaci\u00f3n medi\u00e1tica, comunicaci\u00f3n transmedia, branded content y corporate storytelling.<\/p>\n\n\n\n<p>Coordinadora acad\u00e9mica del M\u00e1ster en Periodismo de Viajes y t\u00e9cnica de apoyo a la investigaci\u00f3n en proyectos de I+D+i sobre alfabetizaci\u00f3n medi\u00e1tica y fact-checking (UAB).<\/p>\n\n\n\n<div style=\"height:0px\" aria-hidden=\"true\" class=\"wp-block-spacer\"><\/div>\n\n\n\n<h2 class=\"wp-block-heading\">Elena Hita<\/h2>\n\n\n\n<p><strong>Universitat Aut\u00f2noma de Barcelona (Spain)<\/strong><\/p>\n\n\n\n<figure class=\"wp-block-image size-full\"><img loading=\"lazy\" decoding=\"async\" width=\"200\" height=\"200\" src=\"https:\/\/www.qualityjournalismchair.info\/wp-content\/uploads\/2022\/09\/elena.png\" alt=\"\" class=\"wp-image-2230\" srcset=\"https:\/\/www.qualityjournalismchair.info\/wp-content\/uploads\/2022\/09\/elena.png 200w, https:\/\/www.qualityjournalismchair.info\/wp-content\/uploads\/2022\/09\/elena-150x150.png 150w\" sizes=\"auto, (max-width: 200px) 100vw, 200px\" \/><\/figure>\n\n\n\n<p>Periodista de cultura y viajes. Su experiencia profesional est\u00e1 relacionada con el mundo del periodismo cultural, trabajando en revistas digitales culturales y editando, corrigiendo y maquetando textos.<\/p>\n\n\n\n<p>Coordinadora acad\u00e9mica del M\u00e1ster en Comunicaci\u00f3n y Educaci\u00f3n y t\u00e9cnica de apoyo a la investigaci\u00f3n en el Grupo de Investigaci\u00f3n en Comunicaci\u00f3n y Educaci\u00f3n (UAB).<\/p>\n","protected":false},"excerpt":{"rendered":"<p>Jos\u00e9 Manuel P\u00e9rez Tornero Periodista y Catedr\u00e1tico de la Universidad Aut\u00f3noma de Barcelona. Codirector de la C\u00e1tedra UNESCO Media and Information Literacy and Quality Journalism. Doctor Honoris Causa por la Universidad Aix-Marseille. Doctor en Comunicaci\u00f3n por la UAB. Licenciado en Ciencias de la informaci\u00f3n (Premio Extraordinario de Periodismo). Licenciado en filolog\u00eda hisp\u00e1nica. Presidente de Radio [&hellip;]<\/p>\n","protected":false},"author":1,"featured_media":0,"parent":0,"menu_order":0,"comment_status":"closed","ping_status":"open","template":"","meta":{"footnotes":""},"class_list":["post-280","page","type-page","status-publish","hentry"],"yoast_head":"<!-- This site is optimized with the Yoast SEO plugin v26.4 - https:\/\/yoast.com\/wordpress\/plugins\/seo\/ -->\n<title>Equipo - Quality Journalism Chair<\/title>\n<meta name=\"robots\" content=\"index, follow, max-snippet:-1, max-image-preview:large, max-video-preview:-1\" \/>\n<link rel=\"canonical\" href=\"https:\/\/www.qualityjournalismchair.info\/es\/equipo\/\" \/>\n<meta property=\"og:locale\" content=\"es_ES\" \/>\n<meta property=\"og:type\" content=\"article\" \/>\n<meta property=\"og:title\" content=\"Equipo - Quality Journalism Chair\" \/>\n<meta property=\"og:description\" content=\"Jos\u00e9 Manuel P\u00e9rez Tornero Periodista y Catedr\u00e1tico de la Universidad Aut\u00f3noma de Barcelona. Codirector de la C\u00e1tedra UNESCO Media and Information Literacy and Quality Journalism. Doctor Honoris Causa por la Universidad Aix-Marseille. Doctor en Comunicaci\u00f3n por la UAB. Licenciado en Ciencias de la informaci\u00f3n (Premio Extraordinario de Periodismo). Licenciado en filolog\u00eda hisp\u00e1nica. Presidente de Radio [&hellip;]\" \/>\n<meta property=\"og:url\" content=\"https:\/\/www.qualityjournalismchair.info\/es\/equipo\/\" \/>\n<meta property=\"og:site_name\" content=\"Quality Journalism Chair\" \/>\n<meta property=\"article:modified_time\" content=\"2023-02-07T09:06:05+00:00\" \/>\n<meta property=\"og:image\" content=\"https:\/\/www.qualityjournalismchair.info\/wp-content\/uploads\/2023\/02\/image-1.png\" \/>\n<meta name=\"twitter:card\" content=\"summary_large_image\" \/>\n<meta name=\"twitter:label1\" content=\"Tiempo de lectura\" \/>\n\t<meta name=\"twitter:data1\" content=\"3 minutos\" \/>\n<script type=\"application\/ld+json\" class=\"yoast-schema-graph\">{\"@context\":\"https:\/\/schema.org\",\"@graph\":[{\"@type\":\"WebPage\",\"@id\":\"https:\/\/www.qualityjournalismchair.info\/es\/equipo\/\",\"url\":\"https:\/\/www.qualityjournalismchair.info\/es\/equipo\/\",\"name\":\"Equipo - Quality Journalism Chair\",\"isPartOf\":{\"@id\":\"https:\/\/www.qualityjournalismchair.info\/#website\"},\"primaryImageOfPage\":{\"@id\":\"https:\/\/www.qualityjournalismchair.info\/es\/equipo\/#primaryimage\"},\"image\":{\"@id\":\"https:\/\/www.qualityjournalismchair.info\/es\/equipo\/#primaryimage\"},\"thumbnailUrl\":\"https:\/\/www.qualityjournalismchair.info\/wp-content\/uploads\/2023\/02\/image-1.png\",\"datePublished\":\"2019-02-03T22:54:51+00:00\",\"dateModified\":\"2023-02-07T09:06:05+00:00\",\"breadcrumb\":{\"@id\":\"https:\/\/www.qualityjournalismchair.info\/es\/equipo\/#breadcrumb\"},\"inLanguage\":\"es\",\"potentialAction\":[{\"@type\":\"ReadAction\",\"target\":[\"https:\/\/www.qualityjournalismchair.info\/es\/equipo\/\"]}]},{\"@type\":\"ImageObject\",\"inLanguage\":\"es\",\"@id\":\"https:\/\/www.qualityjournalismchair.info\/es\/equipo\/#primaryimage\",\"url\":\"https:\/\/www.qualityjournalismchair.info\/wp-content\/uploads\/2023\/02\/image-1.png\",\"contentUrl\":\"https:\/\/www.qualityjournalismchair.info\/wp-content\/uploads\/2023\/02\/image-1.png\"},{\"@type\":\"BreadcrumbList\",\"@id\":\"https:\/\/www.qualityjournalismchair.info\/es\/equipo\/#breadcrumb\",\"itemListElement\":[{\"@type\":\"ListItem\",\"position\":1,\"name\":\"Home\",\"item\":\"https:\/\/www.qualityjournalismchair.info\/es\/\"},{\"@type\":\"ListItem\",\"position\":2,\"name\":\"Equipo\"}]},{\"@type\":\"WebSite\",\"@id\":\"https:\/\/www.qualityjournalismchair.info\/#website\",\"url\":\"https:\/\/www.qualityjournalismchair.info\/\",\"name\":\"Quality Journalism Chair\",\"description\":\"UNESCO Chair on Media and Information Literacy for Quality Journalism\",\"publisher\":{\"@id\":\"https:\/\/www.qualityjournalismchair.info\/#organization\"},\"potentialAction\":[{\"@type\":\"SearchAction\",\"target\":{\"@type\":\"EntryPoint\",\"urlTemplate\":\"https:\/\/www.qualityjournalismchair.info\/?s={search_term_string}\"},\"query-input\":{\"@type\":\"PropertyValueSpecification\",\"valueRequired\":true,\"valueName\":\"search_term_string\"}}],\"inLanguage\":\"es\"},{\"@type\":\"Organization\",\"@id\":\"https:\/\/www.qualityjournalismchair.info\/#organization\",\"name\":\"Quality Journalism Chair\",\"url\":\"https:\/\/www.qualityjournalismchair.info\/\",\"logo\":{\"@type\":\"ImageObject\",\"inLanguage\":\"es\",\"@id\":\"https:\/\/www.qualityjournalismchair.info\/#\/schema\/logo\/image\/\",\"url\":\"https:\/\/www.qualityjournalismchair.info\/wp-content\/uploads\/2019\/02\/logo-QJC-smallx2.gif\",\"contentUrl\":\"https:\/\/www.qualityjournalismchair.info\/wp-content\/uploads\/2019\/02\/logo-QJC-smallx2.gif\",\"width\":640,\"height\":55,\"caption\":\"Quality Journalism Chair\"},\"image\":{\"@id\":\"https:\/\/www.qualityjournalismchair.info\/#\/schema\/logo\/image\/\"}}]}<\/script>\n<!-- \/ Yoast SEO plugin. -->","yoast_head_json":{"title":"Equipo - Quality Journalism Chair","robots":{"index":"index","follow":"follow","max-snippet":"max-snippet:-1","max-image-preview":"max-image-preview:large","max-video-preview":"max-video-preview:-1"},"canonical":"https:\/\/www.qualityjournalismchair.info\/es\/equipo\/","og_locale":"es_ES","og_type":"article","og_title":"Equipo - Quality Journalism Chair","og_description":"Jos\u00e9 Manuel P\u00e9rez Tornero Periodista y Catedr\u00e1tico de la Universidad Aut\u00f3noma de Barcelona. Codirector de la C\u00e1tedra UNESCO Media and Information Literacy and Quality Journalism. Doctor Honoris Causa por la Universidad Aix-Marseille. Doctor en Comunicaci\u00f3n por la UAB. Licenciado en Ciencias de la informaci\u00f3n (Premio Extraordinario de Periodismo). Licenciado en filolog\u00eda hisp\u00e1nica. Presidente de Radio [&hellip;]","og_url":"https:\/\/www.qualityjournalismchair.info\/es\/equipo\/","og_site_name":"Quality Journalism Chair","article_modified_time":"2023-02-07T09:06:05+00:00","og_image":[{"url":"https:\/\/www.qualityjournalismchair.info\/wp-content\/uploads\/2023\/02\/image-1.png","type":"","width":"","height":""}],"twitter_card":"summary_large_image","twitter_misc":{"Tiempo de lectura":"3 minutos"},"schema":{"@context":"https:\/\/schema.org","@graph":[{"@type":"WebPage","@id":"https:\/\/www.qualityjournalismchair.info\/es\/equipo\/","url":"https:\/\/www.qualityjournalismchair.info\/es\/equipo\/","name":"Equipo - Quality Journalism Chair","isPartOf":{"@id":"https:\/\/www.qualityjournalismchair.info\/#website"},"primaryImageOfPage":{"@id":"https:\/\/www.qualityjournalismchair.info\/es\/equipo\/#primaryimage"},"image":{"@id":"https:\/\/www.qualityjournalismchair.info\/es\/equipo\/#primaryimage"},"thumbnailUrl":"https:\/\/www.qualityjournalismchair.info\/wp-content\/uploads\/2023\/02\/image-1.png","datePublished":"2019-02-03T22:54:51+00:00","dateModified":"2023-02-07T09:06:05+00:00","breadcrumb":{"@id":"https:\/\/www.qualityjournalismchair.info\/es\/equipo\/#breadcrumb"},"inLanguage":"es","potentialAction":[{"@type":"ReadAction","target":["https:\/\/www.qualityjournalismchair.info\/es\/equipo\/"]}]},{"@type":"ImageObject","inLanguage":"es","@id":"https:\/\/www.qualityjournalismchair.info\/es\/equipo\/#primaryimage","url":"https:\/\/www.qualityjournalismchair.info\/wp-content\/uploads\/2023\/02\/image-1.png","contentUrl":"https:\/\/www.qualityjournalismchair.info\/wp-content\/uploads\/2023\/02\/image-1.png"},{"@type":"BreadcrumbList","@id":"https:\/\/www.qualityjournalismchair.info\/es\/equipo\/#breadcrumb","itemListElement":[{"@type":"ListItem","position":1,"name":"Home","item":"https:\/\/www.qualityjournalismchair.info\/es\/"},{"@type":"ListItem","position":2,"name":"Equipo"}]},{"@type":"WebSite","@id":"https:\/\/www.qualityjournalismchair.info\/#website","url":"https:\/\/www.qualityjournalismchair.info\/","name":"Quality Journalism Chair","description":"UNESCO Chair on Media and Information Literacy for Quality Journalism","publisher":{"@id":"https:\/\/www.qualityjournalismchair.info\/#organization"},"potentialAction":[{"@type":"SearchAction","target":{"@type":"EntryPoint","urlTemplate":"https:\/\/www.qualityjournalismchair.info\/?s={search_term_string}"},"query-input":{"@type":"PropertyValueSpecification","valueRequired":true,"valueName":"search_term_string"}}],"inLanguage":"es"},{"@type":"Organization","@id":"https:\/\/www.qualityjournalismchair.info\/#organization","name":"Quality Journalism Chair","url":"https:\/\/www.qualityjournalismchair.info\/","logo":{"@type":"ImageObject","inLanguage":"es","@id":"https:\/\/www.qualityjournalismchair.info\/#\/schema\/logo\/image\/","url":"https:\/\/www.qualityjournalismchair.info\/wp-content\/uploads\/2019\/02\/logo-QJC-smallx2.gif","contentUrl":"https:\/\/www.qualityjournalismchair.info\/wp-content\/uploads\/2019\/02\/logo-QJC-smallx2.gif","width":640,"height":55,"caption":"Quality Journalism Chair"},"image":{"@id":"https:\/\/www.qualityjournalismchair.info\/#\/schema\/logo\/image\/"}}]}},"_links":{"self":[{"href":"https:\/\/www.qualityjournalismchair.info\/es\/wp-json\/wp\/v2\/pages\/280","targetHints":{"allow":["GET"]}}],"collection":[{"href":"https:\/\/www.qualityjournalismchair.info\/es\/wp-json\/wp\/v2\/pages"}],"about":[{"href":"https:\/\/www.qualityjournalismchair.info\/es\/wp-json\/wp\/v2\/types\/page"}],"author":[{"embeddable":true,"href":"https:\/\/www.qualityjournalismchair.info\/es\/wp-json\/wp\/v2\/users\/1"}],"replies":[{"embeddable":true,"href":"https:\/\/www.qualityjournalismchair.info\/es\/wp-json\/wp\/v2\/comments?post=280"}],"version-history":[{"count":7,"href":"https:\/\/www.qualityjournalismchair.info\/es\/wp-json\/wp\/v2\/pages\/280\/revisions"}],"predecessor-version":[{"id":3421,"href":"https:\/\/www.qualityjournalismchair.info\/es\/wp-json\/wp\/v2\/pages\/280\/revisions\/3421"}],"wp:attachment":[{"href":"https:\/\/www.qualityjournalismchair.info\/es\/wp-json\/wp\/v2\/media?parent=280"}],"curies":[{"name":"wp","href":"https:\/\/api.w.org\/{rel}","templated":true}]}}