{"id":263,"date":"2019-02-03T23:36:35","date_gmt":"2019-02-03T22:36:35","guid":{"rendered":"http:\/\/www.qualityjournalismchair.info\/acerca-de-la-quality-journalism-chair\/"},"modified":"2019-05-16T09:24:09","modified_gmt":"2019-05-16T07:24:09","slug":"acerca","status":"publish","type":"page","link":"https:\/\/www.qualityjournalismchair.info\/es\/acerca\/","title":{"rendered":"Acerca de la Quality Journalism Chair"},"content":{"rendered":"\n<p>El objetivo de la <strong>C\u00e1tedra<\/strong> es contribuir al fomento de la <strong>alfabetizaci\u00f3n period\u00edstica<\/strong>, el <strong>empoderamiento y una mejor informaci\u00f3n<\/strong>, y as\u00ed fomentar un periodismo de calidad. Trabajar\u00e1 principalmente en el <strong>aumento y la mejora de los medios de comunicaci\u00f3n y la alfabetizaci\u00f3n de la informaci\u00f3n<\/strong>, una de las prioridades de la UNESCO en el Sector de Comunicaci\u00f3n e Informaci\u00f3n.<\/p>\n\n<p>Dada la creciente multiplicidad y variabilidad de las fuentes de informaci\u00f3n alimentadas por diferentes fen\u00f3menos como el big data (periodismo basado en datos), los dispositivos de comunicaci\u00f3n m\u00f3vil complejos (periodismo y blogging m\u00f3vil y participante), el consumo de informaci\u00f3n (aumento de la navegaci\u00f3n y la creaci\u00f3n de informaci\u00f3n y el consumo debido al m\u00f3vil). , mejores conexiones fijas y Wi-Fi), junto con factores asociados como el aumento de la informaci\u00f3n err\u00f3nea, la desinformaci\u00f3n y la desconfianza en los medios y el periodismo, el aumento del pensamiento cr\u00edtico y el conocimiento de los ciudadanos sobre los ciudadanos se establecen continuamente como prioridades para lograr una ciudadan\u00eda m\u00e1s activa y mejor Participaci\u00f3n en el \u00e1mbito p\u00fablico y privado. Y, a su vez, lograr una mayor confianza en los medios confiables y apoyar la apreciaci\u00f3n del periodismo de calidad. Estos vienen como dimensiones esenciales de la alfabetizaci\u00f3n medi\u00e1tica y de la informaci\u00f3n que requieren una atenci\u00f3n m\u00e1s profunda.<\/p>\n\n<h2 class=\"wp-block-heading\">Objetivos espec\u00edficos<\/h2>\n\n<ul class=\"wp-block-list\">\n<li>Promueva MIL en un panorama cambiante de comunicaci\u00f3n e informaci\u00f3n para un periodismo de calidad (compartir el impacto de MIL en las mejores pr\u00e1cticas en periodismo de calidad, \u00e9tica, confianza de los medios de comunicaci\u00f3n, audiencias comprometidas, etc.).<\/li>\n<li>Avance el papel de la MIL en la preparaci\u00f3n de ciudadanos cr\u00edticos que pueden identificar medios confiables.<\/li>\n<li>Reflexione sobre las tendencias actuales que formulan el periodismo actual para identificar l\u00edneas de acci\u00f3n y problemas de investigaci\u00f3n, espec\u00edficamente el papel potencial de la MIL en este \u00e1mbito, que ser\u00e1 abordado por el Presidente.<\/li>\n<li>Establezca estrategias para cooperar con las bibliotecas y fortalezca los acuerdos actuales con proveedores de informaci\u00f3n y diseminadores.<\/li>\n<\/ul>\n<div style=\"height:80px\" aria-hidden=\"true\" class=\"wp-block-spacer\"><\/div>\n\n\n\t\n\t\t<div id=\"gs_logo_area_1\" data-shortcode-id=\"1\" class=\"gs_logo_area gs_logo_area_1 grid1 \" data-options='{\"logo_per_page\":\"6\"}' style=\"opacity: 0; visibility: hidden;\">\n\t\t\t<div class=\"gs_logo_area--inner\">\n\n\t\t\t\t<!-- Category Filters - New (Global) -->\n\t\t\t\t\t\n\t\t\t\t\n<div class=\"gs_logo_container gs_logo_container_grid gs_logo_fix_height_and_center \" style=\"justify-content:center\">\n\n\t\n\t\t\n\t\t\t\n\t\t\t<div class=\"gs_logo_single--wrapper \">\n\t\t\t\t<div class=\"gs_logo_single\">\n\t\t\t\t\t\n\t\t\t\t\t<!-- Logo Image -->\n\t\t\t\t\t<a href=\"http:\/\/www.gabinetecomunicacionyeducacion.com\/\" target=\"_blank\" rel=\"noopener\"><img loading=\"lazy\" decoding=\"async\" width=\"448\" height=\"240\" src=\"https:\/\/www.qualityjournalismchair.info\/wp-content\/uploads\/2019\/02\/logo-slider-gabinete.png\" class=\"tt-placement-top tt-bgcolor-one-%23ff5f6d tt-bgcolor-two-%23ffc371 tt-textcolor-%23fff gs-logo--img wp-post-image\" alt=\"Logo Gabinete Comunicaci\u00f3n y Educaci\u00f3n\" title=\"Gabinete Comunicaci\u00f3n y Educaci\u00f3n UAB\" srcset=\"https:\/\/www.qualityjournalismchair.info\/wp-content\/uploads\/2019\/02\/logo-slider-gabinete.png 448w, https:\/\/www.qualityjournalismchair.info\/wp-content\/uploads\/2019\/02\/logo-slider-gabinete-300x161.png 300w\" sizes=\"auto, (max-width: 448px) 100vw, 448px\" \/><\/a>\n\t\t\t\t\t<!-- Logo Title -->\n\t\t\t\t\t\n\t\t\t\t\t<!-- Logo Category -->\n\t\t\t\t\t\n\t\t\t\t\t<!-- Logo Details -->\n\t\t\t\t\t\n\t\t\t\t<\/div>\n\t\t\t<\/div>\n\n\t\t\n\t\t\t\n\t\t\t<div class=\"gs_logo_single--wrapper \">\n\t\t\t\t<div class=\"gs_logo_single\">\n\t\t\t\t\t\n\t\t\t\t\t<!-- Logo Image -->\n\t\t\t\t\t<a href=\"https:\/\/www.uab.cat\/\" target=\"_blank\" rel=\"noopener\"><img loading=\"lazy\" decoding=\"async\" width=\"448\" height=\"240\" src=\"https:\/\/www.qualityjournalismchair.info\/wp-content\/uploads\/2019\/02\/logo-slider-uab.png\" class=\"tt-placement-top tt-bgcolor-one-%23ff5f6d tt-bgcolor-two-%23ffc371 tt-textcolor-%23fff gs-logo--img wp-post-image\" alt=\"Logo UAB\" title=\"Universitat Aut\u00f2noma de Barcelona\" srcset=\"https:\/\/www.qualityjournalismchair.info\/wp-content\/uploads\/2019\/02\/logo-slider-uab.png 448w, https:\/\/www.qualityjournalismchair.info\/wp-content\/uploads\/2019\/02\/logo-slider-uab-300x161.png 300w\" sizes=\"auto, (max-width: 448px) 100vw, 448px\" \/><\/a>\n\t\t\t\t\t<!-- Logo Title -->\n\t\t\t\t\t\n\t\t\t\t\t<!-- Logo Category -->\n\t\t\t\t\t\n\t\t\t\t\t<!-- Logo Details -->\n\t\t\t\t\t\n\t\t\t\t<\/div>\n\t\t\t<\/div>\n\n\t\t\n\t\t\t\n\t\t\t<div class=\"gs_logo_single--wrapper \">\n\t\t\t\t<div class=\"gs_logo_single\">\n\t\t\t\t\t\n\t\t\t\t\t<!-- Logo Image -->\n\t\t\t\t\t<a href=\"http:\/\/www.rtve.es\/\" target=\"_blank\" rel=\"noopener\"><img loading=\"lazy\" decoding=\"async\" width=\"448\" height=\"240\" src=\"https:\/\/www.qualityjournalismchair.info\/wp-content\/uploads\/2019\/02\/logo-slider-rtve.png\" class=\"tt-placement-top tt-bgcolor-one-%23ff5f6d tt-bgcolor-two-%23ffc371 tt-textcolor-%23fff gs-logo--img wp-post-image\" alt=\"Logo RTVE\" title=\"RTVE\" srcset=\"https:\/\/www.qualityjournalismchair.info\/wp-content\/uploads\/2019\/02\/logo-slider-rtve.png 448w, https:\/\/www.qualityjournalismchair.info\/wp-content\/uploads\/2019\/02\/logo-slider-rtve-300x161.png 300w\" sizes=\"auto, (max-width: 448px) 100vw, 448px\" \/><\/a>\n\t\t\t\t\t<!-- Logo Title -->\n\t\t\t\t\t\n\t\t\t\t\t<!-- Logo Category -->\n\t\t\t\t\t\n\t\t\t\t\t<!-- Logo Details -->\n\t\t\t\t\t\n\t\t\t\t<\/div>\n\t\t\t<\/div>\n\n\t\t\n\t\t\t\n\t\t\t<div class=\"gs_logo_single--wrapper \">\n\t\t\t\t<div class=\"gs_logo_single\">\n\t\t\t\t\t\n\t\t\t\t\t<!-- Logo Image -->\n\t\t\t\t\t<a href=\"http:\/\/www.aulaplaneta.com\/\" target=\"_blank\" rel=\"noopener\"><img loading=\"lazy\" decoding=\"async\" width=\"448\" height=\"240\" src=\"https:\/\/www.qualityjournalismchair.info\/wp-content\/uploads\/2019\/02\/logo-slider-aulaplaneta.png\" class=\"tt-placement-top tt-bgcolor-one-%23ff5f6d tt-bgcolor-two-%23ffc371 tt-textcolor-%23fff gs-logo--img wp-post-image\" alt=\"Logo aulaPlaneta\" title=\"aulaPlaneta\" srcset=\"https:\/\/www.qualityjournalismchair.info\/wp-content\/uploads\/2019\/02\/logo-slider-aulaplaneta.png 448w, https:\/\/www.qualityjournalismchair.info\/wp-content\/uploads\/2019\/02\/logo-slider-aulaplaneta-300x161.png 300w\" sizes=\"auto, (max-width: 448px) 100vw, 448px\" \/><\/a>\n\t\t\t\t\t<!-- Logo Title -->\n\t\t\t\t\t\n\t\t\t\t\t<!-- Logo Category -->\n\t\t\t\t\t\n\t\t\t\t\t<!-- Logo Details -->\n\t\t\t\t\t\n\t\t\t\t<\/div>\n\t\t\t<\/div>\n\n\t\t\n\t\t\t\n\t\t\t<div class=\"gs_logo_single--wrapper \">\n\t\t\t\t<div class=\"gs_logo_single\">\n\t\t\t\t\t\n\t\t\t\t\t<!-- Logo Image -->\n\t\t\t\t\t<a href=\"https:\/\/www.aast.edu\/\" target=\"_blank\" rel=\"noopener\"><img loading=\"lazy\" decoding=\"async\" width=\"448\" height=\"240\" src=\"https:\/\/www.qualityjournalismchair.info\/wp-content\/uploads\/2019\/02\/logo-slider-arabacademy.png\" class=\"tt-placement-top tt-bgcolor-one-%23ff5f6d tt-bgcolor-two-%23ffc371 tt-textcolor-%23fff gs-logo--img wp-post-image\" alt=\"Logo Arab Academy\" title=\"Arab Academy\" srcset=\"https:\/\/www.qualityjournalismchair.info\/wp-content\/uploads\/2019\/02\/logo-slider-arabacademy.png 448w, https:\/\/www.qualityjournalismchair.info\/wp-content\/uploads\/2019\/02\/logo-slider-arabacademy-300x161.png 300w\" sizes=\"auto, (max-width: 448px) 100vw, 448px\" \/><\/a>\n\t\t\t\t\t<!-- Logo Title -->\n\t\t\t\t\t\n\t\t\t\t\t<!-- Logo Category -->\n\t\t\t\t\t\n\t\t\t\t\t<!-- Logo Details -->\n\t\t\t\t\t\n\t\t\t\t<\/div>\n\t\t\t<\/div>\n\n\t\t\n\t\t\t\n\t\t\t<div class=\"gs_logo_single--wrapper \">\n\t\t\t\t<div class=\"gs_logo_single\">\n\t\t\t\t\t\n\t\t\t\t\t<!-- Logo Image -->\n\t\t\t\t\t<a href=\"https:\/\/www.unam.mx\/\" target=\"_blank\" rel=\"noopener\"><img loading=\"lazy\" decoding=\"async\" width=\"448\" height=\"240\" src=\"https:\/\/www.qualityjournalismchair.info\/wp-content\/uploads\/2019\/02\/logo-slider-unam.png\" class=\"tt-placement-top tt-bgcolor-one-%23ff5f6d tt-bgcolor-two-%23ffc371 tt-textcolor-%23fff gs-logo--img wp-post-image\" alt=\"Logo UNAM\" title=\"Universidad Nacional Aut\u00f3noma de M\u00e9xico\" srcset=\"https:\/\/www.qualityjournalismchair.info\/wp-content\/uploads\/2019\/02\/logo-slider-unam.png 448w, https:\/\/www.qualityjournalismchair.info\/wp-content\/uploads\/2019\/02\/logo-slider-unam-300x161.png 300w\" sizes=\"auto, (max-width: 448px) 100vw, 448px\" \/><\/a>\n\t\t\t\t\t<!-- Logo Title -->\n\t\t\t\t\t\n\t\t\t\t\t<!-- Logo Category -->\n\t\t\t\t\t\n\t\t\t\t\t<!-- Logo Details -->\n\t\t\t\t\t\n\t\t\t\t<\/div>\n\t\t\t<\/div>\n\n\t\t\n\t\t\t\n\t\t\t<div class=\"gs_logo_single--wrapper \">\n\t\t\t\t<div class=\"gs_logo_single\">\n\t\t\t\t\t\n\t\t\t\t\t<!-- Logo Image -->\n\t\t\t\t\t<a href=\"http:\/\/atei.mx\/\" target=\"_blank\" rel=\"noopener\"><img loading=\"lazy\" decoding=\"async\" width=\"448\" height=\"240\" src=\"https:\/\/www.qualityjournalismchair.info\/wp-content\/uploads\/2019\/02\/logo-slider-atei.png\" class=\"tt-placement-top tt-bgcolor-one-%23ff5f6d tt-bgcolor-two-%23ffc371 tt-textcolor-%23fff gs-logo--img wp-post-image\" alt=\"Logo ATEI\" title=\"ATEI\" srcset=\"https:\/\/www.qualityjournalismchair.info\/wp-content\/uploads\/2019\/02\/logo-slider-atei.png 448w, https:\/\/www.qualityjournalismchair.info\/wp-content\/uploads\/2019\/02\/logo-slider-atei-300x161.png 300w\" sizes=\"auto, (max-width: 448px) 100vw, 448px\" \/><\/a>\n\t\t\t\t\t<!-- Logo Title -->\n\t\t\t\t\t\n\t\t\t\t\t<!-- Logo Category -->\n\t\t\t\t\t\n\t\t\t\t\t<!-- Logo Details -->\n\t\t\t\t\t\n\t\t\t\t<\/div>\n\t\t\t<\/div>\n\n\t\t\n\t\t\t\n\t\t\t<div class=\"gs_logo_single--wrapper \">\n\t\t\t\t<div class=\"gs_logo_single\">\n\t\t\t\t\t\n\t\t\t\t\t<!-- Logo Image -->\n\t\t\t\t\t<a href=\"http:\/\/www.editorialuoc.cat\/\" target=\"_blank\" rel=\"noopener\"><img loading=\"lazy\" decoding=\"async\" width=\"448\" height=\"240\" src=\"https:\/\/www.qualityjournalismchair.info\/wp-content\/uploads\/2019\/02\/logo-slider-editorialuoc.png\" class=\"tt-placement-top tt-bgcolor-one-%23ff5f6d tt-bgcolor-two-%23ffc371 tt-textcolor-%23fff gs-logo--img wp-post-image\" alt=\"Logo Editorial UOC\" title=\"Editorial UOC\" srcset=\"https:\/\/www.qualityjournalismchair.info\/wp-content\/uploads\/2019\/02\/logo-slider-editorialuoc.png 448w, https:\/\/www.qualityjournalismchair.info\/wp-content\/uploads\/2019\/02\/logo-slider-editorialuoc-300x161.png 300w\" sizes=\"auto, (max-width: 448px) 100vw, 448px\" \/><\/a>\n\t\t\t\t\t<!-- Logo Title -->\n\t\t\t\t\t\n\t\t\t\t\t<!-- Logo Category -->\n\t\t\t\t\t\n\t\t\t\t\t<!-- Logo Details -->\n\t\t\t\t\t\n\t\t\t\t<\/div>\n\t\t\t<\/div>\n\n\t\t\n\t\t\t\n\t\t\t<div class=\"gs_logo_single--wrapper \">\n\t\t\t\t<div class=\"gs_logo_single\">\n\t\t\t\t\t\n\t\t\t\t\t<!-- Logo Image -->\n\t\t\t\t\t<a href=\"https:\/\/www.unesco.org\/es\/milid-network\" target=\"_blank\" rel=\"noopener\"><img loading=\"lazy\" decoding=\"async\" width=\"448\" height=\"240\" src=\"https:\/\/www.qualityjournalismchair.info\/wp-content\/uploads\/2019\/02\/logo-slider-unitwin.png\" class=\"tt-placement-top tt-bgcolor-one-%23ff5f6d tt-bgcolor-two-%23ffc371 tt-textcolor-%23fff gs-logo--img wp-post-image\" alt=\"Logo UNESCO Unitwin\" title=\"Unesco UNAOC MILID\" srcset=\"https:\/\/www.qualityjournalismchair.info\/wp-content\/uploads\/2019\/02\/logo-slider-unitwin.png 448w, https:\/\/www.qualityjournalismchair.info\/wp-content\/uploads\/2019\/02\/logo-slider-unitwin-300x161.png 300w\" sizes=\"auto, (max-width: 448px) 100vw, 448px\" \/><\/a>\n\t\t\t\t\t<!-- Logo Title -->\n\t\t\t\t\t\n\t\t\t\t\t<!-- Logo Category -->\n\t\t\t\t\t\n\t\t\t\t\t<!-- Logo Details -->\n\t\t\t\t\t\n\t\t\t\t<\/div>\n\t\t\t<\/div>\n\n\t\t\n\t\t\t\n\t\t\t<div class=\"gs_logo_single--wrapper \">\n\t\t\t\t<div class=\"gs_logo_single\">\n\t\t\t\t\t\n\t\t\t\t\t<!-- Logo Image -->\n\t\t\t\t\t<a href=\"https:\/\/www.unesco.org\/en\/media-information-literacy\/alliance\" target=\"_blank\" rel=\"noopener\"><img loading=\"lazy\" decoding=\"async\" width=\"448\" height=\"240\" src=\"https:\/\/www.qualityjournalismchair.info\/wp-content\/uploads\/2019\/02\/logo-slider-gapmil.png\" class=\"tt-placement-top tt-bgcolor-one-%23ff5f6d tt-bgcolor-two-%23ffc371 tt-textcolor-%23fff gs-logo--img wp-post-image\" alt=\"Logo GAPMIL\" title=\"Global Alliance for Partnerships on Media and Information Literacy\" srcset=\"https:\/\/www.qualityjournalismchair.info\/wp-content\/uploads\/2019\/02\/logo-slider-gapmil.png 448w, https:\/\/www.qualityjournalismchair.info\/wp-content\/uploads\/2019\/02\/logo-slider-gapmil-300x161.png 300w\" sizes=\"auto, (max-width: 448px) 100vw, 448px\" \/><\/a>\n\t\t\t\t\t<!-- Logo Title -->\n\t\t\t\t\t\n\t\t\t\t\t<!-- Logo Category -->\n\t\t\t\t\t\n\t\t\t\t\t<!-- Logo Details -->\n\t\t\t\t\t\n\t\t\t\t<\/div>\n\t\t\t<\/div>\n\n\t\t\t\t\n\t\n<\/div>\n\t\t\t\t<!-- Pagination -->\n\t\t\t\t\n\t\t\t<\/div>\n\t\t<\/div>\n\t\n\t\t<style>#gs_logo_area_1:not(.verticaltickerdown):not(.verticalticker) .gs_logo_container{margin-left:-0px}#gs_logo_area_1:not(.verticaltickerdown):not(.verticalticker) .gs_logo_container{margin-right:-0px}#gs_logo_area_1:not(.verticaltickerdown):not(.verticalticker) .gs_logo_single--wrapper{padding:0px}#gs_logo_area_1 ul.gs-logo-filter-cats{text-align:center!important}#gs_logo_area_1 .gs_logo_single--wrapper{width:20%}@media (max-width:1023px){#gs_logo_area_1 .gs_logo_single--wrapper{width:25%}}@media (max-width:767px){#gs_logo_area_1 .gs_logo_single--wrapper{width:50%}}<\/style>\n","protected":false},"excerpt":{"rendered":"<p>El objetivo de la C\u00e1tedra es contribuir al fomento de la alfabetizaci\u00f3n period\u00edstica, el empoderamiento y una mejor informaci\u00f3n, y as\u00ed fomentar un periodismo de calidad. Trabajar\u00e1 principalmente en el aumento y la mejora de los medios de comunicaci\u00f3n y la alfabetizaci\u00f3n de la informaci\u00f3n, una de las prioridades de la UNESCO en el Sector [&hellip;]<\/p>\n","protected":false},"author":1,"featured_media":258,"parent":0,"menu_order":0,"comment_status":"closed","ping_status":"open","template":"","meta":{"footnotes":""},"class_list":["post-263","page","type-page","status-publish","has-post-thumbnail","hentry"],"yoast_head":"<!-- This site is optimized with the Yoast SEO plugin v26.4 - https:\/\/yoast.com\/wordpress\/plugins\/seo\/ -->\n<title>Acerca de la Quality Journalism Chair - Quality Journalism Chair<\/title>\n<meta name=\"robots\" content=\"index, follow, max-snippet:-1, max-image-preview:large, max-video-preview:-1\" \/>\n<link rel=\"canonical\" href=\"https:\/\/www.qualityjournalismchair.info\/es\/acerca\/\" \/>\n<meta property=\"og:locale\" content=\"es_ES\" \/>\n<meta property=\"og:type\" content=\"article\" \/>\n<meta property=\"og:title\" content=\"Acerca de la Quality Journalism Chair - Quality Journalism Chair\" \/>\n<meta property=\"og:description\" content=\"El objetivo de la C\u00e1tedra es contribuir al fomento de la alfabetizaci\u00f3n period\u00edstica, el empoderamiento y una mejor informaci\u00f3n, y as\u00ed fomentar un periodismo de calidad. Trabajar\u00e1 principalmente en el aumento y la mejora de los medios de comunicaci\u00f3n y la alfabetizaci\u00f3n de la informaci\u00f3n, una de las prioridades de la UNESCO en el Sector [&hellip;]\" \/>\n<meta property=\"og:url\" content=\"https:\/\/www.qualityjournalismchair.info\/es\/acerca\/\" \/>\n<meta property=\"og:site_name\" content=\"Quality Journalism Chair\" \/>\n<meta property=\"article:modified_time\" content=\"2019-05-16T07:24:09+00:00\" \/>\n<meta property=\"og:image\" content=\"https:\/\/www.qualityjournalismchair.info\/wp-content\/uploads\/2019\/02\/congreso2.jpg\" \/>\n\t<meta property=\"og:image:width\" content=\"1180\" \/>\n\t<meta property=\"og:image:height\" content=\"435\" \/>\n\t<meta property=\"og:image:type\" content=\"image\/jpeg\" \/>\n<meta name=\"twitter:card\" content=\"summary_large_image\" \/>\n<meta name=\"twitter:label1\" content=\"Tiempo de lectura\" \/>\n\t<meta name=\"twitter:data1\" content=\"2 minutos\" \/>\n<script type=\"application\/ld+json\" class=\"yoast-schema-graph\">{\"@context\":\"https:\/\/schema.org\",\"@graph\":[{\"@type\":\"WebPage\",\"@id\":\"https:\/\/www.qualityjournalismchair.info\/es\/acerca\/\",\"url\":\"https:\/\/www.qualityjournalismchair.info\/es\/acerca\/\",\"name\":\"Acerca de la Quality Journalism Chair - Quality Journalism Chair\",\"isPartOf\":{\"@id\":\"https:\/\/www.qualityjournalismchair.info\/#website\"},\"primaryImageOfPage\":{\"@id\":\"https:\/\/www.qualityjournalismchair.info\/es\/acerca\/#primaryimage\"},\"image\":{\"@id\":\"https:\/\/www.qualityjournalismchair.info\/es\/acerca\/#primaryimage\"},\"thumbnailUrl\":\"https:\/\/www.qualityjournalismchair.info\/wp-content\/uploads\/2019\/02\/congreso2.jpg\",\"datePublished\":\"2019-02-03T22:36:35+00:00\",\"dateModified\":\"2019-05-16T07:24:09+00:00\",\"breadcrumb\":{\"@id\":\"https:\/\/www.qualityjournalismchair.info\/es\/acerca\/#breadcrumb\"},\"inLanguage\":\"es\",\"potentialAction\":[{\"@type\":\"ReadAction\",\"target\":[\"https:\/\/www.qualityjournalismchair.info\/es\/acerca\/\"]}]},{\"@type\":\"ImageObject\",\"inLanguage\":\"es\",\"@id\":\"https:\/\/www.qualityjournalismchair.info\/es\/acerca\/#primaryimage\",\"url\":\"https:\/\/www.qualityjournalismchair.info\/wp-content\/uploads\/2019\/02\/congreso2.jpg\",\"contentUrl\":\"https:\/\/www.qualityjournalismchair.info\/wp-content\/uploads\/2019\/02\/congreso2.jpg\",\"width\":1180,\"height\":435},{\"@type\":\"BreadcrumbList\",\"@id\":\"https:\/\/www.qualityjournalismchair.info\/es\/acerca\/#breadcrumb\",\"itemListElement\":[{\"@type\":\"ListItem\",\"position\":1,\"name\":\"Home\",\"item\":\"https:\/\/www.qualityjournalismchair.info\/es\/\"},{\"@type\":\"ListItem\",\"position\":2,\"name\":\"Acerca de la Quality Journalism Chair\"}]},{\"@type\":\"WebSite\",\"@id\":\"https:\/\/www.qualityjournalismchair.info\/#website\",\"url\":\"https:\/\/www.qualityjournalismchair.info\/\",\"name\":\"Quality Journalism Chair\",\"description\":\"UNESCO Chair on Media and Information Literacy for Quality Journalism\",\"publisher\":{\"@id\":\"https:\/\/www.qualityjournalismchair.info\/#organization\"},\"potentialAction\":[{\"@type\":\"SearchAction\",\"target\":{\"@type\":\"EntryPoint\",\"urlTemplate\":\"https:\/\/www.qualityjournalismchair.info\/?s={search_term_string}\"},\"query-input\":{\"@type\":\"PropertyValueSpecification\",\"valueRequired\":true,\"valueName\":\"search_term_string\"}}],\"inLanguage\":\"es\"},{\"@type\":\"Organization\",\"@id\":\"https:\/\/www.qualityjournalismchair.info\/#organization\",\"name\":\"Quality Journalism Chair\",\"url\":\"https:\/\/www.qualityjournalismchair.info\/\",\"logo\":{\"@type\":\"ImageObject\",\"inLanguage\":\"es\",\"@id\":\"https:\/\/www.qualityjournalismchair.info\/#\/schema\/logo\/image\/\",\"url\":\"https:\/\/www.qualityjournalismchair.info\/wp-content\/uploads\/2019\/02\/logo-QJC-smallx2.gif\",\"contentUrl\":\"https:\/\/www.qualityjournalismchair.info\/wp-content\/uploads\/2019\/02\/logo-QJC-smallx2.gif\",\"width\":640,\"height\":55,\"caption\":\"Quality Journalism Chair\"},\"image\":{\"@id\":\"https:\/\/www.qualityjournalismchair.info\/#\/schema\/logo\/image\/\"}}]}<\/script>\n<!-- \/ Yoast SEO plugin. -->","yoast_head_json":{"title":"Acerca de la Quality Journalism Chair - Quality Journalism Chair","robots":{"index":"index","follow":"follow","max-snippet":"max-snippet:-1","max-image-preview":"max-image-preview:large","max-video-preview":"max-video-preview:-1"},"canonical":"https:\/\/www.qualityjournalismchair.info\/es\/acerca\/","og_locale":"es_ES","og_type":"article","og_title":"Acerca de la Quality Journalism Chair - Quality Journalism Chair","og_description":"El objetivo de la C\u00e1tedra es contribuir al fomento de la alfabetizaci\u00f3n period\u00edstica, el empoderamiento y una mejor informaci\u00f3n, y as\u00ed fomentar un periodismo de calidad. Trabajar\u00e1 principalmente en el aumento y la mejora de los medios de comunicaci\u00f3n y la alfabetizaci\u00f3n de la informaci\u00f3n, una de las prioridades de la UNESCO en el Sector [&hellip;]","og_url":"https:\/\/www.qualityjournalismchair.info\/es\/acerca\/","og_site_name":"Quality Journalism Chair","article_modified_time":"2019-05-16T07:24:09+00:00","og_image":[{"width":1180,"height":435,"url":"https:\/\/www.qualityjournalismchair.info\/wp-content\/uploads\/2019\/02\/congreso2.jpg","type":"image\/jpeg"}],"twitter_card":"summary_large_image","twitter_misc":{"Tiempo de lectura":"2 minutos"},"schema":{"@context":"https:\/\/schema.org","@graph":[{"@type":"WebPage","@id":"https:\/\/www.qualityjournalismchair.info\/es\/acerca\/","url":"https:\/\/www.qualityjournalismchair.info\/es\/acerca\/","name":"Acerca de la Quality Journalism Chair - Quality Journalism Chair","isPartOf":{"@id":"https:\/\/www.qualityjournalismchair.info\/#website"},"primaryImageOfPage":{"@id":"https:\/\/www.qualityjournalismchair.info\/es\/acerca\/#primaryimage"},"image":{"@id":"https:\/\/www.qualityjournalismchair.info\/es\/acerca\/#primaryimage"},"thumbnailUrl":"https:\/\/www.qualityjournalismchair.info\/wp-content\/uploads\/2019\/02\/congreso2.jpg","datePublished":"2019-02-03T22:36:35+00:00","dateModified":"2019-05-16T07:24:09+00:00","breadcrumb":{"@id":"https:\/\/www.qualityjournalismchair.info\/es\/acerca\/#breadcrumb"},"inLanguage":"es","potentialAction":[{"@type":"ReadAction","target":["https:\/\/www.qualityjournalismchair.info\/es\/acerca\/"]}]},{"@type":"ImageObject","inLanguage":"es","@id":"https:\/\/www.qualityjournalismchair.info\/es\/acerca\/#primaryimage","url":"https:\/\/www.qualityjournalismchair.info\/wp-content\/uploads\/2019\/02\/congreso2.jpg","contentUrl":"https:\/\/www.qualityjournalismchair.info\/wp-content\/uploads\/2019\/02\/congreso2.jpg","width":1180,"height":435},{"@type":"BreadcrumbList","@id":"https:\/\/www.qualityjournalismchair.info\/es\/acerca\/#breadcrumb","itemListElement":[{"@type":"ListItem","position":1,"name":"Home","item":"https:\/\/www.qualityjournalismchair.info\/es\/"},{"@type":"ListItem","position":2,"name":"Acerca de la Quality Journalism Chair"}]},{"@type":"WebSite","@id":"https:\/\/www.qualityjournalismchair.info\/#website","url":"https:\/\/www.qualityjournalismchair.info\/","name":"Quality Journalism Chair","description":"UNESCO Chair on Media and Information Literacy for Quality Journalism","publisher":{"@id":"https:\/\/www.qualityjournalismchair.info\/#organization"},"potentialAction":[{"@type":"SearchAction","target":{"@type":"EntryPoint","urlTemplate":"https:\/\/www.qualityjournalismchair.info\/?s={search_term_string}"},"query-input":{"@type":"PropertyValueSpecification","valueRequired":true,"valueName":"search_term_string"}}],"inLanguage":"es"},{"@type":"Organization","@id":"https:\/\/www.qualityjournalismchair.info\/#organization","name":"Quality Journalism Chair","url":"https:\/\/www.qualityjournalismchair.info\/","logo":{"@type":"ImageObject","inLanguage":"es","@id":"https:\/\/www.qualityjournalismchair.info\/#\/schema\/logo\/image\/","url":"https:\/\/www.qualityjournalismchair.info\/wp-content\/uploads\/2019\/02\/logo-QJC-smallx2.gif","contentUrl":"https:\/\/www.qualityjournalismchair.info\/wp-content\/uploads\/2019\/02\/logo-QJC-smallx2.gif","width":640,"height":55,"caption":"Quality Journalism Chair"},"image":{"@id":"https:\/\/www.qualityjournalismchair.info\/#\/schema\/logo\/image\/"}}]}},"_links":{"self":[{"href":"https:\/\/www.qualityjournalismchair.info\/es\/wp-json\/wp\/v2\/pages\/263","targetHints":{"allow":["GET"]}}],"collection":[{"href":"https:\/\/www.qualityjournalismchair.info\/es\/wp-json\/wp\/v2\/pages"}],"about":[{"href":"https:\/\/www.qualityjournalismchair.info\/es\/wp-json\/wp\/v2\/types\/page"}],"author":[{"embeddable":true,"href":"https:\/\/www.qualityjournalismchair.info\/es\/wp-json\/wp\/v2\/users\/1"}],"replies":[{"embeddable":true,"href":"https:\/\/www.qualityjournalismchair.info\/es\/wp-json\/wp\/v2\/comments?post=263"}],"version-history":[{"count":1,"href":"https:\/\/www.qualityjournalismchair.info\/es\/wp-json\/wp\/v2\/pages\/263\/revisions"}],"predecessor-version":[{"id":264,"href":"https:\/\/www.qualityjournalismchair.info\/es\/wp-json\/wp\/v2\/pages\/263\/revisions\/264"}],"wp:featuredmedia":[{"embeddable":true,"href":"https:\/\/www.qualityjournalismchair.info\/es\/wp-json\/wp\/v2\/media\/258"}],"wp:attachment":[{"href":"https:\/\/www.qualityjournalismchair.info\/es\/wp-json\/wp\/v2\/media?parent=263"}],"curies":[{"name":"wp","href":"https:\/\/api.w.org\/{rel}","templated":true}]}}